{"id":1976,"date":"2025-03-03T15:22:27","date_gmt":"2025-03-03T14:22:27","guid":{"rendered":"https:\/\/dankuechen-leonding.at\/?page_id=1976"},"modified":"2025-11-06T12:31:51","modified_gmt":"2025-11-06T11:31:51","slug":"bonitaet","status":"publish","type":"page","link":"https:\/\/dankuechen-leonding.at\/bonitaet\/","title":{"rendered":"Bonit\u00e4t"},"content":{"rendered":"\n\n  <div class=\"banner has-hover\" id=\"banner-1278898628\">\n          <div class=\"banner-inner fill\">\n        <div class=\"banner-bg fill\" >\n                                                \n                    <\/div>\n\t\t\n        <div class=\"banner-layers container\">\n            <div class=\"fill banner-link\"><\/div>            \n\n   <div id=\"text-box-288531607\" class=\"text-box banner-layer x50 md-x50 lg-x50 y70 md-y50 lg-y60 res-text\">\n                                <div class=\"text-box-content text dark\">\n              \n              <div class=\"text-inner text-center\">\n                  \n\n\t<div id=\"text-687571687\" class=\"text\">\n\t\t\n\n<h1 class=\"uppercase\" style='font-size: 2em'><strong>Transparenz schafft vertrauen<\/strong><\/h1>\n\t\t\n<style>\n#text-687571687 {\n  text-align: left;\n}\n<\/style>\n\t<\/div>\n\t\n\n              <\/div>\n           <\/div>\n                            \n<style>\n#text-box-288531607 {\n  width: 89%;\n}\n#text-box-288531607 .text-box-content {\n  font-size: 100%;\n}\n@media (min-width:550px) {\n  #text-box-288531607 {\n    width: 74%;\n  }\n}\n@media (min-width:850px) {\n  #text-box-288531607 {\n    width: 61%;\n  }\n}\n<\/style>\n    <\/div>\n \n\n        <\/div>\n      <\/div>\n\n            \n<style>\n#banner-1278898628 {\n  padding-top: 296px;\n  background-color: #89998e;\n}\n@media (min-width:550px) {\n  #banner-1278898628 {\n    padding-top: 439px;\n  }\n}\n<\/style>\n  <\/div>\n\n\n\t<div id=\"gap-2051835648\" class=\"gap-element clearfix\" style=\"display:block; height:auto;\">\n\t\t\n<style>\n#gap-2051835648 {\n  padding-top: 30px;\n}\n<\/style>\n\t<\/div>\n\t\n\n<div class=\"row\"  id=\"row-223219818\">\n\n\n\t<div id=\"col-1589992561\" class=\"col small-12 large-12\"  >\n\t\t\t\t<div class=\"col-inner\"  >\n\t\t\t\n\t\t\t\n\n<div class=\"row\"  id=\"row-1192198571\">\n\n\n\t<div id=\"col-1399357183\" class=\"col small-12 large-12\"  >\n\t\t\t\t<div class=\"col-inner text-center\"  >\n\t\t\t\n\t\t\t\n\n\t<div class=\"img has-hover x md-x lg-x y md-y lg-y\" id=\"image_1507111061\">\n\t\t\t\t\t\t\t\t<div class=\"img-inner dark\" >\n\t\t\t<img loading=\"lazy\" decoding=\"async\" width=\"566\" height=\"800\" src=\"https:\/\/dankuechen-leonding.at\/wp-content\/uploads\/2025\/09\/Binitaetszertifikat-2025-566x800.png\" class=\"attachment-large size-large\" alt=\"Bonit\u00e4tszertifikat 2025 DANK\u00dcCHEN Auszeichnung\" srcset=\"https:\/\/dankuechen-leonding.at\/wp-content\/uploads\/2025\/09\/Binitaetszertifikat-2025-566x800.png 566w, https:\/\/dankuechen-leonding.at\/wp-content\/uploads\/2025\/09\/Binitaetszertifikat-2025-283x400.png 283w, https:\/\/dankuechen-leonding.at\/wp-content\/uploads\/2025\/09\/Binitaetszertifikat-2025.png 707w\" sizes=\"auto, (max-width: 566px) 100vw, 566px\" \/>\t\t\t\t\t\t\n\t\t\t\t\t<\/div>\n\t\t\t\t\t\t\t\t\n<style>\n#image_1507111061 {\n  width: 100%;\n}\n@media (min-width:550px) {\n  #image_1507111061 {\n    width: 45%;\n  }\n}\n@media (min-width:850px) {\n  #image_1507111061 {\n    width: 30%;\n  }\n}\n<\/style>\n\t<\/div>\n\t\n\n\n\t\t<\/div>\n\t\t\t\t\t<\/div>\n\n\t\n\n<\/div>\n<h3><strong>DANK\u00dcCHEN ist ein finanziell stabiles Unternehmen mit sehr guter Bonit\u00e4t.<\/strong><\/h3>\n<h5>In wirtschaftlich herausfordernden Zeiten ist es wichtig, einen stabilen und verl\u00e4sslichen Partner an seiner Seite zu wissen, egal ob man ein K\u00fcchenprojekt plant oder ein eigenes K\u00fcchenstudio er\u00f6ffnen m\u00f6chte.<\/h5>\n<h5>DANK\u00dcCHEN ist dieser stabile Partner mit einer sehr guten Bonit\u00e4t, was laufend \u00fcberpr\u00fcft wird und wie es uns auch das unabh\u00e4ngige Institut <em>creditforum<\/em> best\u00e4tigt.<\/h5>\n<h5><strong>Denn Transparenz schafft Sicherheit und Vertrauen.<\/strong><\/h5>\n<h5>\u00a0<\/h5>\n\n\t\t<\/div>\n\t\t\t\t\t<\/div>\n\n\t\n\n<\/div>\n\n","protected":false},"excerpt":{"rendered":"","protected":false},"author":1,"featured_media":0,"parent":0,"menu_order":0,"comment_status":"closed","ping_status":"closed","template":"page-transparent-header-light.php","meta":{"footnotes":""},"class_list":["post-1976","page","type-page","status-publish","hentry"],"_links":{"self":[{"href":"https:\/\/dankuechen-leonding.at\/wp-json\/wp\/v2\/pages\/1976","targetHints":{"allow":["GET"]}}],"collection":[{"href":"https:\/\/dankuechen-leonding.at\/wp-json\/wp\/v2\/pages"}],"about":[{"href":"https:\/\/dankuechen-leonding.at\/wp-json\/wp\/v2\/types\/page"}],"author":[{"embeddable":true,"href":"https:\/\/dankuechen-leonding.at\/wp-json\/wp\/v2\/users\/1"}],"replies":[{"embeddable":true,"href":"https:\/\/dankuechen-leonding.at\/wp-json\/wp\/v2\/comments?post=1976"}],"version-history":[{"count":5,"href":"https:\/\/dankuechen-leonding.at\/wp-json\/wp\/v2\/pages\/1976\/revisions"}],"predecessor-version":[{"id":5124,"href":"https:\/\/dankuechen-leonding.at\/wp-json\/wp\/v2\/pages\/1976\/revisions\/5124"}],"wp:attachment":[{"href":"https:\/\/dankuechen-leonding.at\/wp-json\/wp\/v2\/media?parent=1976"}],"curies":[{"name":"wp","href":"https:\/\/api.w.org\/{rel}","templated":true}]}}