{"id":4209,"date":"2025-10-21T14:14:23","date_gmt":"2025-10-21T12:14:23","guid":{"rendered":"https:\/\/dankuechen-leonding.at\/?page_id=4209"},"modified":"2026-02-17T12:20:04","modified_gmt":"2026-02-17T11:20:04","slug":"my-happy-place","status":"publish","type":"page","link":"https:\/\/dankuechen-leonding.at\/my-happy-place\/","title":{"rendered":"My Happy Place"},"content":{"rendered":"\n<div class=\"slider-wrapper relative\" id=\"slider-1036746439\" >\n    <div class=\"slider slider-nav-circle slider-nav-large slider-nav-light slider-style-normal\"\n        data-flickity-options='{\n            \"cellAlign\": \"center\",\n            \"imagesLoaded\": true,\n            \"lazyLoad\": 1,\n            \"freeScroll\": false,\n            \"wrapAround\": true,\n            \"autoPlay\": 6000,\n            \"pauseAutoPlayOnHover\" : true,\n            \"prevNextButtons\": true,\n            \"contain\" : true,\n            \"adaptiveHeight\" : true,\n            \"dragThreshold\" : 10,\n            \"percentPosition\": true,\n            \"pageDots\": true,\n            \"rightToLeft\": false,\n            \"draggable\": true,\n            \"selectedAttraction\": 0.1,\n            \"parallax\" : 0,\n            \"friction\": 0.6        }'\n        >\n        \n\n\n  <div class=\"banner has-hover\" id=\"banner-396313060\">\n          <div class=\"banner-inner fill\">\n        <div class=\"banner-bg fill\" >\n                                                \n                    <\/div>\n\t\t\n        <div class=\"banner-layers container\">\n            <div class=\"fill banner-link\"><\/div>            \n\n   <div id=\"text-box-1644536374\" class=\"text-box banner-layer x50 md-x95 lg-x100 y90 md-y75 lg-y75 res-text\">\n              <div data-parallax=\"-1\" data-parallax-fade=\"true\">       <div data-animate=\"bounceIn\">           <div class=\"text-box-content text dark\">\n              \n              <div class=\"text-inner text-center\">\n                  \n\n\t<div id=\"text-3457077575\" class=\"text\">\n\t\t\n\n<h1><span style=\"font-size: 80%;\">K\u00f6nnen K\u00fcchen gl\u00fccklich machen?<\/span><\/h1>\n\t\t\n<style>\n#text-3457077575 {\n  font-size: 1.4rem;\n}\n@media (min-width:550px) {\n  #text-3457077575 {\n    font-size: 1.5rem;\n  }\n}\n<\/style>\n\t<\/div>\n\t\n\n              <\/div>\n           <\/div>\n       <\/div>       <\/div>              \n<style>\n#text-box-1644536374 {\n  width: 93%;\n}\n#text-box-1644536374 .text-box-content {\n  font-size: 100%;\n}\n@media (min-width:550px) {\n  #text-box-1644536374 {\n    width: 87%;\n  }\n}\n@media (min-width:850px) {\n  #text-box-1644536374 {\n    width: 89%;\n  }\n}\n<\/style>\n    <\/div>\n \n\n        <\/div>\n      <\/div>\n\n            \n<style>\n#banner-396313060 {\n  padding-top: 146.01%;\n  background-color: #829184;\n}\n#banner-396313060 .banner-bg img {\n  object-position: 68% 27%;\n}\n@media (min-width:550px) {\n  #banner-396313060 {\n    padding-top: 72.35%;\n  }\n}\n@media (min-width:850px) {\n  #banner-396313060 {\n    padding-top: 31.85%;\n  }\n}\n<\/style>\n  <\/div>\n\n\n\n     <\/div>\n\n     <div class=\"loading-spin dark large centered\"><\/div>\n\n\t<\/div>\n\n\n<div class=\"row\"  id=\"row-220156340\">\n\n\n\t<div id=\"col-819589124\" class=\"col medium-12 small-12 large-12\"  >\n\t\t\t\t<div class=\"col-inner\"  >\n\t\t\t\n\t\t\t\n\n\t<div id=\"gap-302627182\" class=\"gap-element clearfix\" style=\"display:block; height:auto;\">\n\t\t\n<style>\n#gap-302627182 {\n  padding-top: 30px;\n}\n<\/style>\n\t<\/div>\n\t\n\n\t<div id=\"text-513596669\" class=\"text\">\n\t\t\n\n<h2 class=\"p1\"><i>Unser Zuhause hat <\/i><i>neben unserer Gesundheit <\/i><i>den gr\u00f6\u00dften Einfluss <\/i><i>auf unser Gl\u00fcck.<\/i><\/h2>\n<p class=\"p1\" style=\"text-align: left;\"><span style=\"font-size: 120%;\">Gl\u00fcckliche Menschen leben l\u00e4nger, sind ges\u00fcnder, produktiver und sozialer. Doch was beeinflusst dieses Gl\u00fcck?<\/span><\/p>\n<p class=\"p1\" style=\"text-align: left;\"><span style=\"font-size: 120%;\">Laut einer Studie des Research Happiness Instituts nehmen unsere eigenen vier W\u00e4nde &#8211; neben unserer Gesundheit &#8211; am meisten Einfluss auf unser Lebensgl\u00fcck.<\/span><\/p>\n<p class=\"p1\" style=\"text-align: left;\"><span style=\"font-size: 120%;\">Unser Zuhause ist jedoch nicht nur ein Ort, an den wir uns zur\u00fcckziehen &#8211; wie in eine dunkle, warme H\u00f6hle, die uns nach einem langen Tag mit einer Tasse Tee und Chips auff\u00e4ngt. Es ist auch ein Ort, der uns beeinflusst und uns zu dem Menschen werden l\u00e4sst, der wir wirklich sind.<\/span><\/p>\n\t\t\n<style>\n#text-513596669 {\n  text-align: left;\n}\n<\/style>\n\t<\/div>\n\t\n\n\t\t<\/div>\n\t\t\t\t\t<\/div>\n\n\t\n\n<\/div>\n<div class=\"row row-collapse row-full-width\"  id=\"row-2036647906\">\n\n\n\t<div id=\"col-1865580488\" class=\"col medium-6 large-6\"  >\n\t\t\t\t<div class=\"col-inner\"  >\n\t\t\t\n\t\t\t\n\n\t<div class=\"img has-hover x md-x lg-x y md-y lg-y\" id=\"image_704730587\">\n\t\t\t\t\t\t\t\t<div class=\"img-inner dark\" >\n\t\t\t<img loading=\"lazy\" decoding=\"async\" width=\"1020\" height=\"683\" src=\"https:\/\/dankuechen-leonding.at\/wp-content\/uploads\/2025\/07\/Sommerfrische-1195x800.jpg\" class=\"attachment-large size-large\" alt=\"Sommerfrische K\u00fcche Andros in Fjord Gr\u00fcn People\" srcset=\"https:\/\/dankuechen-leonding.at\/wp-content\/uploads\/2025\/07\/Sommerfrische-1195x800.jpg 1195w, https:\/\/dankuechen-leonding.at\/wp-content\/uploads\/2025\/07\/Sommerfrische-597x400.jpg 597w, https:\/\/dankuechen-leonding.at\/wp-content\/uploads\/2025\/07\/Sommerfrische-768x514.jpg 768w, https:\/\/dankuechen-leonding.at\/wp-content\/uploads\/2025\/07\/Sommerfrische-1536x1029.jpg 1536w, https:\/\/dankuechen-leonding.at\/wp-content\/uploads\/2025\/07\/Sommerfrische-2048x1372.jpg 2048w\" sizes=\"auto, (max-width: 1020px) 100vw, 1020px\" \/>\t\t\t\t\t\t\n\t\t\t\t\t<\/div>\n\t\t\t\t\t\t\t\t\n<style>\n#image_704730587 {\n  width: 100%;\n}\n<\/style>\n\t<\/div>\n\t\n\n\n\t\t<\/div>\n\t\t\t\t\t<\/div>\n\n\t\n\n\t<div id=\"col-1876390807\" class=\"col medium-6 large-6\"  >\n\t\t\t\t<div class=\"col-inner\"  >\n\t\t\t\n\t\t\t\n\n\t<div class=\"img has-hover x md-x lg-x y md-y lg-y\" id=\"image_1742507725\">\n\t\t\t\t\t\t\t\t<div class=\"img-inner dark\" >\n\t\t\t<img loading=\"lazy\" decoding=\"async\" width=\"1020\" height=\"678\" src=\"https:\/\/dankuechen-leonding.at\/wp-content\/uploads\/2025\/07\/Simmer-vibe-1204x800.jpg\" class=\"attachment-large size-large\" alt=\"wei\u00dfe K\u00fcche Silbermond Polarwei\u00df People\" srcset=\"https:\/\/dankuechen-leonding.at\/wp-content\/uploads\/2025\/07\/Simmer-vibe-1204x800.jpg 1204w, https:\/\/dankuechen-leonding.at\/wp-content\/uploads\/2025\/07\/Simmer-vibe-602x400.jpg 602w, https:\/\/dankuechen-leonding.at\/wp-content\/uploads\/2025\/07\/Simmer-vibe-768x510.jpg 768w, https:\/\/dankuechen-leonding.at\/wp-content\/uploads\/2025\/07\/Simmer-vibe-1536x1021.jpg 1536w, https:\/\/dankuechen-leonding.at\/wp-content\/uploads\/2025\/07\/Simmer-vibe-2048x1361.jpg 2048w\" sizes=\"auto, (max-width: 1020px) 100vw, 1020px\" \/>\t\t\t\t\t\t\n\t\t\t\t\t<\/div>\n\t\t\t\t\t\t\t\t\n<style>\n#image_1742507725 {\n  width: 100%;\n}\n<\/style>\n\t<\/div>\n\t\n\n\n\t\t<\/div>\n\t\t\t\t\t<\/div>\n\n\t\n\n<\/div>\n<div class=\"row\"  id=\"row-1675577698\">\n\n\n\t<div id=\"col-1845258471\" class=\"col small-12 large-12\"  >\n\t\t\t\t<div class=\"col-inner\"  >\n\t\t\t\n\t\t\t\n\n\t<div id=\"gap-1214444848\" class=\"gap-element clearfix\" style=\"display:block; height:auto;\">\n\t\t\n<style>\n#gap-1214444848 {\n  padding-top: 30px;\n}\n<\/style>\n\t<\/div>\n\t\n\n\t<div id=\"gap-2005111564\" class=\"gap-element clearfix\" style=\"display:block; height:auto;\">\n\t\t\n<style>\n#gap-2005111564 {\n  padding-top: 30px;\n}\n<\/style>\n\t<\/div>\n\t\n\n\t<div id=\"text-3236903678\" class=\"text\">\n\t\t\n\n<h2 class=\"p1\"><i>Die K\u00fcche beeinflusst <\/i><i>uns wesentlich mehr, <\/i><i>als wir im ersten Moment <\/i><i>annehmen.<\/i><\/h2>\n<p class=\"p1\" style=\"text-align: left;\"><span style=\"font-size: 120%;\">Die K\u00fcche, so die Studie des Research Happiness Instituts weiter, ist dabei das Herzst\u00fcck unseres Wohlbefindens. Sie sollte uns wohlig umgeben, uns inspirieren und zu neuen Ideen anregen. Und sie sollte zu uns passen &#8211; denn nur so kann die K\u00fcche zum Gl\u00fcck unseres Lebens beitragen und zu einem Lieblingsplatz, einem Happy Place werden.<\/span><\/p>\n<p class=\"p1\"><span style=\"font-size: 120%;\">Bei DANK\u00dcCHEN lautet unsere zentrale Mission: die gr\u00f6\u00dfte Anzahl von Menschen mit unseren K\u00fcchen gl\u00fccklich zu machen. Mit 30.000 neuen K\u00fcchen pro Jahr und klarer Marktf\u00fchrerschaft in \u00d6sterreich setzen wir dieses Bestreben auch um.<\/span><\/p>\n\t\t\n<style>\n#text-3236903678 {\n  text-align: left;\n}\n<\/style>\n\t<\/div>\n\t\n\t<div id=\"gap-42034687\" class=\"gap-element clearfix\" style=\"display:block; height:auto;\">\n\t\t\n<style>\n#gap-42034687 {\n  padding-top: 30px;\n}\n<\/style>\n\t<\/div>\n\t\n\n\n\t\t<\/div>\n\t\t\t\t\t<\/div>\n\n\t\n\n<\/div>\n\n  <div class=\"banner has-hover\" id=\"banner-242067429\">\n          <div class=\"banner-inner fill\">\n        <div class=\"banner-bg fill\" >\n                                                \n                    <\/div>\n\t\t\n        <div class=\"banner-layers container\">\n            <div class=\"fill banner-link\"><\/div>            \n\n   <div id=\"text-box-1927781232\" class=\"text-box banner-layer x50 md-x50 lg-x50 y10 md-y15 lg-y15 res-text\">\n                                <div class=\"text-box-content text dark\">\n              \n              <div class=\"text-inner text-center\">\n                  \n\n\t<div id=\"text-2683963951\" class=\"text\">\n\t\t\n\n<h1>Die sechs DANK\u00dcCHEN <strong>Happy Place-Prinzipien<\/strong><\/h1>\n\t\t\n<style>\n#text-2683963951 {\n  text-align: center;\n}\n@media (min-width:550px) {\n  #text-2683963951 {\n    text-align: center;\n  }\n}\n<\/style>\n\t<\/div>\n\t\n\n              <\/div>\n           <\/div>\n                            \n<style>\n#text-box-1927781232 {\n  width: 80%;\n}\n#text-box-1927781232 .text-box-content {\n  font-size: 100%;\n}\n@media (min-width:550px) {\n  #text-box-1927781232 {\n    width: 80%;\n  }\n}\n@media (min-width:850px) {\n  #text-box-1927781232 {\n    width: 67%;\n  }\n}\n<\/style>\n    <\/div>\n \n   <div id=\"text-box-2097767221\" class=\"text-box banner-layer x50 md-x50 lg-x50 y90 md-y85 lg-y80 res-text\">\n                                <div class=\"text-box-content text dark\">\n              \n              <div class=\"text-inner text-center\">\n                  \n\n\t<div id=\"text-3452055097\" class=\"text\">\n\t\t\n\n<p class=\"p1\"><span style=\"font-size: 120%;\">Doch damit K\u00fcchen Menschen happy machen, gibt es neben unseren individuellen Vorstellungen Grundbausteine, auf denen das K\u00fcchengl\u00fcck f\u00fcr alle aufbaut: <strong>die sechs DANK\u00dcCHEN Happy Place-Prinzipien.<\/strong><\/span><\/p>\n<p class=\"p1\"><span style=\"font-size: 120%;\">Diese Prinzipien haben wir mit unserer langj\u00e4hrigen Erfahrung, unz\u00e4hligen Gespr\u00e4chen mit Designern, Researchern sowie Kunden und Kundinnen entwickelt. Sie sind die Grundlage jeder Beratung, K\u00fcchenplanung und Montage bei DANK\u00dcCHEN.<\/span><\/p>\n<p class=\"p1\">\u00a0<\/p>\n\t\t\n<style>\n#text-3452055097 {\n  text-align: center;\n}\n@media (min-width:850px) {\n  #text-3452055097 {\n    text-align: center;\n  }\n}\n<\/style>\n\t<\/div>\n\t\n<a href=\"https:\/\/dankuechen-leonding.at\/6-happy-place-prinzipien\/\" class=\"button white is-outline is-larger\" style=\"border-radius:99px;\">\n\t\t<span>Entdecke die sechs  DANK\u00dcCHEN Happy Place-Prinzipien<\/span>\n\t<\/a>\n\n\n\n              <\/div>\n           <\/div>\n                            \n<style>\n#text-box-2097767221 {\n  width: 90%;\n}\n#text-box-2097767221 .text-box-content {\n  font-size: 100%;\n}\n@media (min-width:550px) {\n  #text-box-2097767221 {\n    width: 86%;\n  }\n}\n@media (min-width:850px) {\n  #text-box-2097767221 {\n    width: 100%;\n  }\n}\n<\/style>\n    <\/div>\n \n\n        <\/div>\n      <\/div>\n\n            \n<style>\n#banner-242067429 {\n  padding-top: 595px;\n  background-color: #829184;\n}\n#banner-242067429 .banner-bg img {\n  object-position: 50% 57%;\n}\n@media (min-width:550px) {\n  #banner-242067429 {\n    padding-top: 678px;\n  }\n}\n<\/style>\n  <\/div>\n\n\n\n  <div class=\"banner has-hover\" id=\"banner-1151933758\">\n          <div class=\"banner-inner fill\">\n        <div class=\"banner-bg fill\" >\n                                                \n                    <\/div>\n\t\t\n        <div class=\"banner-layers container\">\n            <div class=\"fill banner-link\"><\/div>            \n\n   <div id=\"text-box-387440635\" class=\"text-box banner-layer x50 md-x50 lg-x50 y50 md-y50 lg-y50 res-text\">\n                                <div class=\"text-box-content text dark\">\n              \n              <div class=\"text-inner text-center\">\n                  \n\n\t<div id=\"text-1812934917\" class=\"text\">\n\t\t\n\n<h2>Gemeinsam dauerhafte Freude schaffen.<\/h2>\n<p><span style=\"font-size: 120%;\">Wir helfen dir, deine K\u00fcchen zum absoluten Lieblingsplatz zu machen. Entdecke, wie wir in vier Schritten deinen Happy Place realisieren.<\/span><\/p>\n\t\t\n<style>\n#text-1812934917 {\n  text-align: center;\n  color: rgb(255,255,255);\n}\n#text-1812934917 > * {\n  color: rgb(255,255,255);\n}\n@media (min-width:550px) {\n  #text-1812934917 {\n    text-align: center;\n  }\n}\n<\/style>\n\t<\/div>\n\t\n<a href=\"https:\/\/dankuechen-leonding.at\/4-schritten-zu-deinem-happy-place\/\" class=\"button white is-outline is-larger\" style=\"border-radius:99px;\">\n\t\t<span>entdecke mehr<\/span>\n\t<\/a>\n\n\n\n              <\/div>\n           <\/div>\n                            \n<style>\n#text-box-387440635 {\n  width: 87%;\n}\n#text-box-387440635 .text-box-content {\n  font-size: 100%;\n}\n@media (min-width:550px) {\n  #text-box-387440635 {\n    width: 86%;\n  }\n}\n@media (min-width:850px) {\n  #text-box-387440635 {\n    width: 98%;\n  }\n}\n<\/style>\n    <\/div>\n \n\n        <\/div>\n      <\/div>\n\n            \n<style>\n#banner-1151933758 {\n  padding-top: 413px;\n  background-color: #872225;\n}\n#banner-1151933758 .banner-bg img {\n  object-position: 31% 0%;\n}\n@media (min-width:550px) {\n  #banner-1151933758 {\n    padding-top: 479px;\n  }\n}\n@media (min-width:850px) {\n  #banner-1151933758 {\n    padding-top: 563px;\n  }\n}\n<\/style>\n  <\/div>\n\n\n<div class=\"row row-collapse row-full-width\"  id=\"row-1352875824\">\n\n\n\t<div id=\"col-327041158\" class=\"col medium-6 large-6\"  >\n\t\t\t\t<div class=\"col-inner\"  >\n\t\t\t\n\t\t\t\n\n\t<div class=\"img has-hover x md-x lg-x y md-y lg-y\" id=\"image_183385350\">\n\t\t\t\t\t\t\t\t<div class=\"img-inner dark\" >\n\t\t\t<img loading=\"lazy\" decoding=\"async\" width=\"1020\" height=\"680\" src=\"https:\/\/dankuechen-leonding.at\/wp-content\/uploads\/2025\/10\/DAN-2_2\u00a9HIMMELBAUER_011-1200x800.jpg\" class=\"attachment-large size-large\" alt=\"K\u00fcche in Fjord Gr\u00fcn mit People\" srcset=\"https:\/\/dankuechen-leonding.at\/wp-content\/uploads\/2025\/10\/DAN-2_2\u00a9HIMMELBAUER_011-1200x800.jpg 1200w, https:\/\/dankuechen-leonding.at\/wp-content\/uploads\/2025\/10\/DAN-2_2\u00a9HIMMELBAUER_011-600x400.jpg 600w, https:\/\/dankuechen-leonding.at\/wp-content\/uploads\/2025\/10\/DAN-2_2\u00a9HIMMELBAUER_011-768x512.jpg 768w, https:\/\/dankuechen-leonding.at\/wp-content\/uploads\/2025\/10\/DAN-2_2\u00a9HIMMELBAUER_011-1536x1024.jpg 1536w, https:\/\/dankuechen-leonding.at\/wp-content\/uploads\/2025\/10\/DAN-2_2\u00a9HIMMELBAUER_011-2048x1366.jpg 2048w\" sizes=\"auto, (max-width: 1020px) 100vw, 1020px\" \/>\t\t\t\t\t\t\n\t\t\t\t\t<\/div>\n\t\t\t\t\t\t\t\t\n<style>\n#image_183385350 {\n  width: 100%;\n}\n<\/style>\n\t<\/div>\n\t\n\n\n\t\t<\/div>\n\t\t\t\t\t<\/div>\n\n\t\n\n\t<div id=\"col-846567160\" class=\"col medium-6 large-6\"  >\n\t\t\t\t<div class=\"col-inner\"  >\n\t\t\t\n\t\t\t\n\n\t<div class=\"img has-hover x md-x lg-x y md-y lg-y\" id=\"image_748203824\">\n\t\t\t\t\t\t\t\t<div class=\"img-inner dark\" >\n\t\t\t<img loading=\"lazy\" decoding=\"async\" width=\"1020\" height=\"681\" src=\"https:\/\/dankuechen-leonding.at\/wp-content\/uploads\/2025\/10\/DAN-2_2\u00a9HIMMELBAUER_008_1-1199x800.jpg\" class=\"attachment-large size-large\" alt=\"K\u00fcche in Fjord Gr\u00fcn mit People\" srcset=\"https:\/\/dankuechen-leonding.at\/wp-content\/uploads\/2025\/10\/DAN-2_2\u00a9HIMMELBAUER_008_1-1199x800.jpg 1199w, https:\/\/dankuechen-leonding.at\/wp-content\/uploads\/2025\/10\/DAN-2_2\u00a9HIMMELBAUER_008_1-599x400.jpg 599w, https:\/\/dankuechen-leonding.at\/wp-content\/uploads\/2025\/10\/DAN-2_2\u00a9HIMMELBAUER_008_1-768x513.jpg 768w, https:\/\/dankuechen-leonding.at\/wp-content\/uploads\/2025\/10\/DAN-2_2\u00a9HIMMELBAUER_008_1-1536x1025.jpg 1536w, https:\/\/dankuechen-leonding.at\/wp-content\/uploads\/2025\/10\/DAN-2_2\u00a9HIMMELBAUER_008_1-2048x1367.jpg 2048w\" sizes=\"auto, (max-width: 1020px) 100vw, 1020px\" \/>\t\t\t\t\t\t\n\t\t\t\t\t<\/div>\n\t\t\t\t\t\t\t\t\n<style>\n#image_748203824 {\n  width: 100%;\n}\n<\/style>\n\t<\/div>\n\t\n\n\n\t\t<\/div>\n\t\t\t\t\t<\/div>\n\n\t\n\n<\/div>\n\n  <div class=\"banner has-hover\" id=\"banner-1699795826\">\n          <div class=\"banner-inner fill\">\n        <div class=\"banner-bg fill\" >\n                                                \n                    <\/div>\n\t\t\n        <div class=\"banner-layers container\">\n            <div class=\"fill banner-link\"><\/div>            \n\n   <div id=\"text-box-1366485991\" class=\"text-box banner-layer x50 md-x50 lg-x50 y50 md-y50 lg-y50 res-text\">\n                                <div class=\"text-box-content text dark\">\n              \n              <div class=\"text-inner text-center\">\n                  \n\n\t<div id=\"text-1137076710\" class=\"text\">\n\t\t\n\n<p>Welche K\u00fcchenform passt am Besten f\u00fcr dich?<\/p>\n<h2>Entdecke die K\u00fcchenform, die am besten mit dir harmoniert.<\/h2>\n\t\t\n<style>\n#text-1137076710 {\n  text-align: center;\n  color: rgb(255,255,255);\n}\n#text-1137076710 > * {\n  color: rgb(255,255,255);\n}\n<\/style>\n\t<\/div>\n\t\n<a href=\"https:\/\/dankuechen-leonding.at\/kostenbeispiele\/\" class=\"button white is-outline is-larger\" style=\"border-radius:99px;\">\n\t\t<span>entdecke mehr<\/span>\n\t<\/a>\n\n\n\n              <\/div>\n           <\/div>\n                            \n<style>\n#text-box-1366485991 {\n  width: 95%;\n}\n#text-box-1366485991 .text-box-content {\n  font-size: 100%;\n}\n@media (min-width:550px) {\n  #text-box-1366485991 {\n    width: 87%;\n  }\n}\n@media (min-width:850px) {\n  #text-box-1366485991 {\n    width: 86%;\n  }\n}\n<\/style>\n    <\/div>\n \n\n        <\/div>\n      <\/div>\n\n            \n<style>\n#banner-1699795826 {\n  padding-top: 435px;\n  background-color: #872225;\n}\n#banner-1699795826 .banner-bg img {\n  object-position: 42% 18%;\n}\n@media (min-width:550px) {\n  #banner-1699795826 {\n    padding-top: 435px;\n  }\n}\n@media (min-width:850px) {\n  #banner-1699795826 {\n    padding-top: 577px;\n  }\n}\n<\/style>\n  <\/div>\n\n\n\n  \n    <div class=\"row large-columns-2 medium-columns- small-columns-1 slider row-slider slider-nav-circle slider-nav-outside\"  data-flickity-options='{&quot;imagesLoaded&quot;: true, &quot;groupCells&quot;: &quot;100%&quot;, &quot;dragThreshold&quot; : 5, &quot;cellAlign&quot;: &quot;left&quot;,&quot;wrapAround&quot;: true,&quot;prevNextButtons&quot;: true,&quot;percentPosition&quot;: true,&quot;pageDots&quot;: false, &quot;rightToLeft&quot;: false, &quot;autoPlay&quot; : false}' >\n\n  <\/div>\n\n\n","protected":false},"excerpt":{"rendered":"","protected":false},"author":2,"featured_media":0,"parent":0,"menu_order":0,"comment_status":"closed","ping_status":"closed","template":"page-transparent-header-light.php","meta":{"footnotes":""},"class_list":["post-4209","page","type-page","status-publish","hentry"],"_links":{"self":[{"href":"https:\/\/dankuechen-leonding.at\/wp-json\/wp\/v2\/pages\/4209","targetHints":{"allow":["GET"]}}],"collection":[{"href":"https:\/\/dankuechen-leonding.at\/wp-json\/wp\/v2\/pages"}],"about":[{"href":"https:\/\/dankuechen-leonding.at\/wp-json\/wp\/v2\/types\/page"}],"author":[{"embeddable":true,"href":"https:\/\/dankuechen-leonding.at\/wp-json\/wp\/v2\/users\/2"}],"replies":[{"embeddable":true,"href":"https:\/\/dankuechen-leonding.at\/wp-json\/wp\/v2\/comments?post=4209"}],"version-history":[{"count":49,"href":"https:\/\/dankuechen-leonding.at\/wp-json\/wp\/v2\/pages\/4209\/revisions"}],"predecessor-version":[{"id":5103,"href":"https:\/\/dankuechen-leonding.at\/wp-json\/wp\/v2\/pages\/4209\/revisions\/5103"}],"wp:attachment":[{"href":"https:\/\/dankuechen-leonding.at\/wp-json\/wp\/v2\/media?parent=4209"}],"curies":[{"name":"wp","href":"https:\/\/api.w.org\/{rel}","templated":true}]}}