{"id":555,"date":"2024-12-05T18:16:35","date_gmt":"2024-12-05T17:16:35","guid":{"rendered":"http:\/\/dan.studio.www624.your-server.de\/?page_id=555"},"modified":"2026-02-02T08:17:01","modified_gmt":"2026-02-02T07:17:01","slug":"fragen-antworten","status":"publish","type":"page","link":"https:\/\/dankuechen-leonding.at\/fragen-antworten\/","title":{"rendered":"Fragen &amp; Antworten"},"content":{"rendered":"\n\n  <div class=\"banner has-hover\" id=\"banner-410720827\">\n          <div class=\"banner-inner fill\">\n        <div class=\"banner-bg fill\" >\n                                                \n                    <\/div>\n\t\t\n        <div class=\"banner-layers container\">\n            <div class=\"fill banner-link\"><\/div>            \n\n   <div id=\"text-box-758611247\" class=\"text-box banner-layer x10 md-x5 lg-x5 y80 md-y75 lg-y75 res-text\">\n                                <div class=\"text-box-content text dark\">\n              \n              <div class=\"text-inner text-center\">\n                  \n\n\t<div id=\"text-1462324503\" class=\"text\">\n\t\t\n\n<h1 class=\"uppercase\" style=\"font-size: 2em;font-weight: bolder;margin-top: 0.2em;margin-bottom: 0.2em\">Du hast Fragen? Wir haben die Antworten.<\/h1>\n<p style=\"margin-top: 1em;margin-bottom: 1em;font-size: 1em\">Unten findest du die h\u00e4ufigsten Fragen zu unseren K\u00fcchen.<\/p>\n\t\t\n<style>\n#text-1462324503 {\n  text-align: left;\n}\n<\/style>\n\t<\/div>\n\t\n\n              <\/div>\n           <\/div>\n                            \n<style>\n#text-box-758611247 {\n  width: 72%;\n}\n#text-box-758611247 .text-box-content {\n  font-size: 100%;\n}\n@media (min-width:550px) {\n  #text-box-758611247 {\n    width: 60%;\n  }\n}\n@media (min-width:850px) {\n  #text-box-758611247 {\n    width: 94%;\n  }\n}\n<\/style>\n    <\/div>\n \n\n        <\/div>\n      <\/div>\n\n            \n<style>\n#banner-410720827 {\n  padding-top: 367px;\n  background-color: #4c5b4c;\n}\n@media (min-width:550px) {\n  #banner-410720827 {\n    padding-top: 394px;\n  }\n}\n@media (min-width:850px) {\n  #banner-410720827 {\n    padding-top: 398px;\n  }\n}\n<\/style>\n  <\/div>\n\n\n<div class=\"row\"  id=\"row-113725686\">\n\n\n\t<div id=\"col-1762956782\" class=\"col small-12 large-12\"  >\n\t\t\t\t<div class=\"col-inner\"  >\n\t\t\t\n\t\t\t\n\n<div class=\"accordion\">\n\n\t<div id=\"accordion-4146213169\" class=\"accordion-item\">\n\t\t<a id=\"accordion-4146213169-label\" class=\"accordion-title plain\" href=\"#accordion-item-wir-m\u00f6chten-eine-dan-k\u00fcche-planen-lassen,-k\u00f6nnen-wir-das-bei-ihnen-machen?\" aria-expanded=\"false\" aria-controls=\"accordion-4146213169-content\">\n\t\t\t<button class=\"toggle\" aria-label=\"Umschalten\"><i class=\"icon-angle-down\" aria-hidden=\"true\"><\/i><\/button>\n\t\t\t<span>Wir m\u00f6chten eine DAN-K\u00fcche planen lassen, k\u00f6nnen wir das bei Ihnen machen?<\/span>\n\t\t<\/a>\n\t\t<div id=\"accordion-4146213169-content\" class=\"accordion-inner\" aria-labelledby=\"accordion-4146213169-label\">\n\t\t\t\n\n<p>Wir als Hersteller bieten keinen Direktverkauf an. Du findest 150 DAN-Studiopartner, samt E-Mail Adresse auf dan.at.&nbsp;<\/p>\n\n\t\t<\/div>\n\t<\/div>\n\t\n\t<div id=\"accordion-682146046\" class=\"accordion-item\">\n\t\t<a id=\"accordion-682146046-label\" class=\"accordion-title plain\" href=\"#accordion-item-wie-viel-kosten-ihre-dan-k\u00fcchen?\" aria-expanded=\"false\" aria-controls=\"accordion-682146046-content\">\n\t\t\t<button class=\"toggle\" aria-label=\"Umschalten\"><i class=\"icon-angle-down\" aria-hidden=\"true\"><\/i><\/button>\n\t\t\t<span>Wie viel kosten Ihre DAN-K\u00fcchen?<\/span>\n\t\t<\/a>\n\t\t<div id=\"accordion-682146046-content\" class=\"accordion-inner\" aria-labelledby=\"accordion-682146046-label\">\n\t\t\t\n\n<p>Bei der Herstellung von K\u00fcchen nach Ma\u00df gibt es unz\u00e4hlige M\u00f6glichkeiten, die den Endpreis beeinflussen. Die genaueste Methode zur Berechnung des Preises deiner K\u00fcche, ist das Planen in einem DAN-K\u00fcchenstudio. Das Erstellen eines K\u00fcchenplans oder Projektes verpflichtet dich nicht zum Kauf und ist v\u00f6llig kostenlos. Du kannst eine Planung unter folgendem <strong><a href=\"https:\/\/dankuechen-leonding.at\/kuechenplaner\/\">Link&nbsp;<\/a><\/strong>vereinbaren.&nbsp;<\/p>\n\n\n\t\t<\/div>\n\t<\/div>\n\t\n\t<div id=\"accordion-1918484839\" class=\"accordion-item\">\n\t\t<a id=\"accordion-1918484839-label\" class=\"accordion-title plain\" href=\"#accordion-item-wie-viel-kostet-eine-3d-planung-und-beratung?\" aria-expanded=\"false\" aria-controls=\"accordion-1918484839-content\">\n\t\t\t<button class=\"toggle\" aria-label=\"Umschalten\"><i class=\"icon-angle-down\" aria-hidden=\"true\"><\/i><\/button>\n\t\t\t<span>Wie viel kostet eine 3D-Planung und Beratung?<\/span>\n\t\t<\/a>\n\t\t<div id=\"accordion-1918484839-content\" class=\"accordion-inner\" aria-labelledby=\"accordion-1918484839-label\">\n\t\t\t\n\n<p>DAN-Vertrags\u00e4ndler erheben keine Geb\u00fchren f\u00fcr 3D-Planung und Beratung. Sobald du dich f\u00fcr den Kauf entschieden hast, stellen wir dir die Pl\u00e4ne kostenlos zu Verf\u00fcgung.&nbsp;&nbsp;<\/p>\n\n\t\t<\/div>\n\t<\/div>\n\t\n\t<div id=\"accordion-1934306641\" class=\"accordion-item\">\n\t\t<a id=\"accordion-1934306641-label\" class=\"accordion-title plain\" href=\"#accordion-item-wie-geht-es-nach-der-beantragung-der-3d-planung-weiter?\" aria-expanded=\"false\" aria-controls=\"accordion-1934306641-content\">\n\t\t\t<button class=\"toggle\" aria-label=\"Umschalten\"><i class=\"icon-angle-down\" aria-hidden=\"true\"><\/i><\/button>\n\t\t\t<span>Wie geht es nach der Beantragung der 3D-Planung weiter?<\/span>\n\t\t<\/a>\n\t\t<div id=\"accordion-1934306641-content\" class=\"accordion-inner\" aria-labelledby=\"accordion-1934306641-label\">\n\t\t\t\n\n<p>Nach der Beantragung der 3D-Planung senden wir dir eine E-Mail mit deinen grundlegenden W\u00fcnschen und Kontaktinformationen. Das ausgew\u00e4hlte Studio wird sich dann per E-Mail oder Telefon mit dir in Verbindung setzen und einen Termin vereinbaren, bei dem du deine W\u00fcnsche sowie die Abmessungen des Raums (oder den Grundriss der K\u00fcche) n\u00e4her erl\u00e4utern. Basierend auf allen Informationen und W\u00fcnschen wird eine Planung und ein entsprechendes Angebot f\u00fcr dich erstellt.&nbsp;&nbsp;<\/p>\n\n\t\t<\/div>\n\t<\/div>\n\t\n\t<div id=\"accordion-926901576\" class=\"accordion-item\">\n\t\t<a id=\"accordion-926901576-label\" class=\"accordion-title plain\" href=\"#accordion-item-bin-ich-zum-kauf-der-k\u00fcche-verpflichtet,-wenn-eine-3d-planung-entworfen-wurde-und-ich-einen-kostenvoranschlag-bekommen-habe?\" aria-expanded=\"false\" aria-controls=\"accordion-926901576-content\">\n\t\t\t<button class=\"toggle\" aria-label=\"Umschalten\"><i class=\"icon-angle-down\" aria-hidden=\"true\"><\/i><\/button>\n\t\t\t<span>Bin ich zum Kauf der K\u00fcche verpflichtet, wenn eine 3D-Planung entworfen wurde und ich einen Kostenvoranschlag bekommen habe?<\/span>\n\t\t<\/a>\n\t\t<div id=\"accordion-926901576-content\" class=\"accordion-inner\" aria-labelledby=\"accordion-926901576-label\">\n\t\t\t\n\n<p>Nein. Das ist unverbindlich.&nbsp;&nbsp;<\/p>\n\n\t\t<\/div>\n\t<\/div>\n\t\n\t<div id=\"accordion-3639977997\" class=\"accordion-item\">\n\t\t<a id=\"accordion-3639977997-label\" class=\"accordion-title plain\" href=\"#accordion-item-k\u00f6nnen-wir-von-ihnen-elektroger\u00e4te,-sp\u00fclen-und-zubeh\u00f6r-bekommen?\" aria-expanded=\"false\" aria-controls=\"accordion-3639977997-content\">\n\t\t\t<button class=\"toggle\" aria-label=\"Umschalten\"><i class=\"icon-angle-down\" aria-hidden=\"true\"><\/i><\/button>\n\t\t\t<span>K\u00f6nnen wir von Ihnen Elektroger\u00e4te, Sp\u00fclen und Zubeh\u00f6r bekommen?<\/span>\n\t\t<\/a>\n\t\t<div id=\"accordion-3639977997-content\" class=\"accordion-inner\" aria-labelledby=\"accordion-3639977997-label\">\n\t\t\t\n\n<p>Ja,&nbsp;unsere Fachh\u00e4ndler&nbsp;arbeiten mit \u00fcber 20 verschiedenen Herstellern&nbsp;in diesem Bereich&nbsp;zusammen,&nbsp;sind geschult und auf dem neuesten Stand der Technik.&nbsp;&nbsp;<\/p>\n\n\t\t<\/div>\n\t<\/div>\n\t\n\t<div id=\"accordion-2112250857\" class=\"accordion-item\">\n\t\t<a id=\"accordion-2112250857-label\" class=\"accordion-title plain\" href=\"#accordion-item-erstellen-sie-beim-entwurf-einer-k\u00fcche-einen-installationsplan?\" aria-expanded=\"false\" aria-controls=\"accordion-2112250857-content\">\n\t\t\t<button class=\"toggle\" aria-label=\"Umschalten\"><i class=\"icon-angle-down\" aria-hidden=\"true\"><\/i><\/button>\n\t\t\t<span>Erstellen Sie beim Entwurf einer K\u00fcche einen Installationsplan?<\/span>\n\t\t<\/a>\n\t\t<div id=\"accordion-2112250857-content\" class=\"accordion-inner\" aria-labelledby=\"accordion-2112250857-label\">\n\t\t\t\n\n<p>Ja, unsere Fachh\u00e4ndler erstellen auf deinen Wunsch auch einen detaillierten Installationsplan, der dir viel Zeit, \u00c4rger und schlussendlich auch Geld sparen wird. Der Installationsplan wir mit s\u00e4mtlichen Pl\u00e4nen nach Kauf der K\u00fcche kostenlos an dich \u00fcbergeben.&nbsp;&nbsp;<\/p>\n\n\t\t<\/div>\n\t<\/div>\n\t\n\t<div id=\"accordion-965699007\" class=\"accordion-item\">\n\t\t<a id=\"accordion-965699007-label\" class=\"accordion-title plain\" href=\"#accordion-item-wie-lange-muss-ich-auf-die-installation-einer-neuen-k\u00fcche-warten?\" aria-expanded=\"false\" aria-controls=\"accordion-965699007-content\">\n\t\t\t<button class=\"toggle\" aria-label=\"Umschalten\"><i class=\"icon-angle-down\" aria-hidden=\"true\"><\/i><\/button>\n\t\t\t<span>Wie lange muss ich auf die Installation einer neuen K\u00fcche warten?<\/span>\n\t\t<\/a>\n\t\t<div id=\"accordion-965699007-content\" class=\"accordion-inner\" aria-labelledby=\"accordion-965699007-label\">\n\t\t\t\n\n<p>Dies ist von verschiedenen Faktoren abh\u00e4ngig. Eine entsprechende und aktuelle Auskunft bekommst du pers\u00f6nlich, per E-Mail oder telefonisch bei deinem DAN-Vertragsh\u00e4ndler.&nbsp;<\/p>\n\n\t\t<\/div>\n\t<\/div>\n\t\n\t<div id=\"accordion-3397661521\" class=\"accordion-item\">\n\t\t<a id=\"accordion-3397661521-label\" class=\"accordion-title plain\" href=\"#accordion-item-wie-ist-die-qualit\u00e4t?\" aria-expanded=\"false\" aria-controls=\"accordion-3397661521-content\">\n\t\t\t<button class=\"toggle\" aria-label=\"Umschalten\"><i class=\"icon-angle-down\" aria-hidden=\"true\"><\/i><\/button>\n\t\t\t<span>Wie ist die Qualit\u00e4t?<\/span>\n\t\t<\/a>\n\t\t<div id=\"accordion-3397661521-content\" class=\"accordion-inner\" aria-labelledby=\"accordion-3397661521-label\">\n\t\t\t\n\n<p>Die Qualit\u00e4t wird aufgrund unserer jahrzehntelangen Erfahrung in der Herstellung von K\u00fcchen gro\u00df geschrieben. Deine K\u00fcche ist in \u00d6sterreich hergestellt und verf\u00fcgt \u00fcber alle g\u00fcltigen Qualit\u00e4tszertifikate. Hochwertige Materialien und makellose Pr\u00e4zision sowie Engagement und Liebe zum Detail garantieren unsere Qualit\u00e4t. Seit mehreren Jahren in Folge haben wir den Titel der besten Marke unter den K\u00fcchenherstellern in \u00d6sterreich gewonnen.&nbsp;<\/p>\n\n\t\t<\/div>\n\t<\/div>\n\t\n\t<div id=\"accordion-828817888\" class=\"accordion-item\">\n\t\t<a id=\"accordion-828817888-label\" class=\"accordion-title plain\" href=\"#accordion-item-wie-pflege-ich-eine-dan-k\u00fcche-richtig?\" aria-expanded=\"false\" aria-controls=\"accordion-828817888-content\">\n\t\t\t<button class=\"toggle\" aria-label=\"Umschalten\"><i class=\"icon-angle-down\" aria-hidden=\"true\"><\/i><\/button>\n\t\t\t<span>Wie pflege ich eine DAN-K\u00fcche richtig?<\/span>\n\t\t<\/a>\n\t\t<div id=\"accordion-828817888-content\" class=\"accordion-inner\" aria-labelledby=\"accordion-828817888-label\">\n\t\t\t\n\n<p><a href=\"https:\/\/dankuechen-leonding.at\/pflegeanleitung\/\"><strong><em>Hier<\/em><\/strong><\/a> findest du die DAN-Pflegeanleitungen. Reinigungsprodukte sollen mild und alkoholfrei sein. Es ist ratsam auf kleinen, nicht gut sichtbaren Stellen der K\u00fcche eine Reinigungsprobe zu machen.&nbsp;<\/p>\n\n\n\t\t<\/div>\n\t<\/div>\n\t\n\t<div id=\"accordion-3366025183\" class=\"accordion-item\">\n\t\t<a id=\"accordion-3366025183-label\" class=\"accordion-title plain\" href=\"#accordion-item-wir-haben-ihre-dan-k\u00fcche-gekauft-und-m\u00f6chten-etwas-nachbestellen?\" aria-expanded=\"false\" aria-controls=\"accordion-3366025183-content\">\n\t\t\t<button class=\"toggle\" aria-label=\"Umschalten\"><i class=\"icon-angle-down\" aria-hidden=\"true\"><\/i><\/button>\n\t\t\t<span>Wir haben ihre DAN-K\u00fcche gekauft und m\u00f6chten etwas nachbestellen?<\/span>\n\t\t<\/a>\n\t\t<div id=\"accordion-3366025183-content\" class=\"accordion-inner\" aria-labelledby=\"accordion-3366025183-label\">\n\t\t\t\n\n<p>Kein Problem! Um \u00c4nderungen, Garantiefragen und Elemente nachzubestellen ist empfehlenswert, sich an deinen Berater oder deine Beraterin aus dem DAN-K\u00fcchenstudio zu wenden, wo du die DAN-K\u00fcche gekauft hast.&nbsp;<\/p>\n\n\t\t<\/div>\n\t<\/div>\n\t\n\t<div id=\"accordion-1536433036\" class=\"accordion-item\">\n\t\t<a id=\"accordion-1536433036-label\" class=\"accordion-title plain\" href=\"#accordion-item-welche-art-von-k\u00fcchen-bieten-sie-an?\" aria-expanded=\"false\" aria-controls=\"accordion-1536433036-content\">\n\t\t\t<button class=\"toggle\" aria-label=\"Umschalten\"><i class=\"icon-angle-down\" aria-hidden=\"true\"><\/i><\/button>\n\t\t\t<span>Welche Art von K\u00fcchen bieten Sie an?<\/span>\n\t\t<\/a>\n\t\t<div id=\"accordion-1536433036-content\" class=\"accordion-inner\" aria-labelledby=\"accordion-1536433036-label\">\n\t\t\t\n\n<p>Da alle unsere DAN-K\u00fcchen nach Ma\u00df gefertigt werden, haben wir nahezu unbegrenzte M\u00f6glichkeiten, uns an deine W\u00fcnschen anzupassen. Wir passen uns ganz individuell an \u2013 mit oder ohne Griffe, w\u00e4hle eine Kombination aus Farben, Ausstattung, Zubeh\u00f6r, und vielem mehr.<\/p>\n\n\t\t<\/div>\n\t<\/div>\n\t\n\t<div id=\"accordion-1646074386\" class=\"accordion-item\">\n\t\t<a id=\"accordion-1646074386-label\" class=\"accordion-title plain\" href=\"#accordion-item-warum-eine-dan-k\u00fcche-w\u00e4hlen?\" aria-expanded=\"false\" aria-controls=\"accordion-1646074386-content\">\n\t\t\t<button class=\"toggle\" aria-label=\"Umschalten\"><i class=\"icon-angle-down\" aria-hidden=\"true\"><\/i><\/button>\n\t\t\t<span>Warum eine DAN-K\u00fcche w\u00e4hlen?<\/span>\n\t\t<\/a>\n\t\t<div id=\"accordion-1646074386-content\" class=\"accordion-inner\" aria-labelledby=\"accordion-1646074386-label\">\n\t\t\t\n\n<p>Mit \u00fcber 55 Jahren Tradition und dem Vertrauen von Millionen von Kunden in ganz Europa, setzen wir Ma\u00dfst\u00e4be in der Welt der K\u00fcchen. Ohne Aufpreis bieten wir eine Reihe von n\u00fctzlichen Vorteilen an: etwa bis zu 15 % mehr Platz im Unterschrank, einen stabilen 18-mm-Korpus, 70 cm tiefe Arbeitsplatte ohne Mehrpreis, G\u00fcte-Spanplatten, 8 mm Glasseiten f\u00fcr Ausz\u00fcge, Blum Beschl\u00e4ge von h\u00f6chster Qualit\u00e4t und vieles mehr.&nbsp;<\/p>\n\n\t\t<\/div>\n\t<\/div>\n\t\n\t<div id=\"accordion-2625440907\" class=\"accordion-item\">\n\t\t<a id=\"accordion-2625440907-label\" class=\"accordion-title plain\" href=\"#accordion-item-welche-art-von-arbeitsplatten-bieten-sie-an-und-aus-welchen-materialien-bestehen-sie?\" aria-expanded=\"false\" aria-controls=\"accordion-2625440907-content\">\n\t\t\t<button class=\"toggle\" aria-label=\"Umschalten\"><i class=\"icon-angle-down\" aria-hidden=\"true\"><\/i><\/button>\n\t\t\t<span>Welche Art von Arbeitsplatten bieten Sie an und aus welchen Materialien bestehen sie?<\/span>\n\t\t<\/a>\n\t\t<div id=\"accordion-2625440907-content\" class=\"accordion-inner\" aria-labelledby=\"accordion-2625440907-label\">\n\t\t\t\n\n<p>Das Standard-DANK\u00dcCHEN-Sortiment umfasst \u00fcber 30 Arbeitsplattendekore in den St\u00e4rken 20, 40, 60, 80 und 100 mm. Das Material ist eine gepresste Spanplatte, mit einer robusten Beschichtung, die f\u00fcr den \u00fcblichen Gebrauch hervorragend geeignet ist.&nbsp;<\/p>\n\n\t\t<\/div>\n\t<\/div>\n\t\n\t<div id=\"accordion-116950542\" class=\"accordion-item\">\n\t\t<a id=\"accordion-116950542-label\" class=\"accordion-title plain\" href=\"#accordion-item-wie-mache-ich-eine-reklamation?\" aria-expanded=\"false\" aria-controls=\"accordion-116950542-content\">\n\t\t\t<button class=\"toggle\" aria-label=\"Umschalten\"><i class=\"icon-angle-down\" aria-hidden=\"true\"><\/i><\/button>\n\t\t\t<span>Wie mache ich eine Reklamation?<\/span>\n\t\t<\/a>\n\t\t<div id=\"accordion-116950542-content\" class=\"accordion-inner\" aria-labelledby=\"accordion-116950542-label\">\n\t\t\t\n\n<p>Der Reklamationsverlauf sieht wie folgt aus: du reklamierst mit zwei bis drei Fotos, am besten pers\u00f6nlich mit Sachverhalt beim H\u00e4ndler (wo du deinen Kaufvertrag get\u00e4tigt hast). Der H\u00e4ndler pr\u00fcft dann deine Reklamation. Im Falle, dass diese unklar ist, wird sie von DAN gepr\u00fcft. Es gibt hierzu nat\u00fcrlich genaue EU-Normen, etwa was bei welcher Beanspruchung, wieviel aushalten muss und soll bzw. wie welches Teil beansprucht werden darf. Anschlie\u00dfend bekommst du ehestm\u00f6glich die R\u00fcckmeldung, ob es sich tats\u00e4chlich um einen rechtlich legitimen Reklamationsgrund handelt. Zus\u00e4tzlich bekommest du alle weitere Informationen zu: was in jenem Falle wann passiert + bei einem nicht Reklamationsgrund ebenfalls ein L\u00f6sungsvorschlag\u202fvon Ihrem H\u00e4ndler. \u202fWir bitten dich h\u00f6flichst, nochmals mit dem H\u00e4ndler (am besten pers\u00f6nlich) einen Termin zu vereinbaren.&nbsp;<\/p>\n\n\t\t<\/div>\n\t<\/div>\n\t\n\t<div id=\"accordion-1162820671\" class=\"accordion-item\">\n\t\t<a id=\"accordion-1162820671-label\" class=\"accordion-title plain\" href=\"#accordion-item-k\u00f6nnen-sie-mir-sagen,-welchen-abstand-man-zwischen-einem-k\u00fcchenblock-und-der-parallel-dazu-stehender-kochinsel-planen-muss?-es-soll-auch-noch-ger\u00e4umig-zum-durchgehen-sein.\" aria-expanded=\"false\" aria-controls=\"accordion-1162820671-content\">\n\t\t\t<button class=\"toggle\" aria-label=\"Umschalten\"><i class=\"icon-angle-down\" aria-hidden=\"true\"><\/i><\/button>\n\t\t\t<span>K\u00f6nnen Sie mir sagen, welchen Abstand man zwischen einem K\u00fcchenblock und der parallel dazu stehender Kochinsel planen muss? Es soll auch noch ger\u00e4umig zum Durchgehen sein.<\/span>\n\t\t<\/a>\n\t\t<div id=\"accordion-1162820671-content\" class=\"accordion-inner\" aria-labelledby=\"accordion-1162820671-label\">\n\t\t\t\n\n<p>Es ist ein minimum Abstand von 100 cm empfehlenswert. So kann man z.B. vor dem K\u00fcchenschrank oder Geschirrsp\u00fcler stehen und ihn aufmachen. Sprich, man muss nicht seitlich davon stehen. Bei 120 cm gehen die Schr\u00e4nke von beiden Seiten gleichzeitig auf.\u202f&nbsp;<\/p>\n\n\t\t<\/div>\n\t<\/div>\n\t\n\t<div id=\"accordion-1337438424\" class=\"accordion-item\">\n\t\t<a id=\"accordion-1337438424-label\" class=\"accordion-title plain\" href=\"#accordion-item-sind-sockelladen-bei-allen-dan-k\u00fcchen-m\u00f6glich?\" aria-expanded=\"false\" aria-controls=\"accordion-1337438424-content\">\n\t\t\t<button class=\"toggle\" aria-label=\"Umschalten\"><i class=\"icon-angle-down\" aria-hidden=\"true\"><\/i><\/button>\n\t\t\t<span>Sind Sockelladen bei allen DAN-K\u00fcchen m\u00f6glich?<\/span>\n\t\t<\/a>\n\t\t<div id=\"accordion-1337438424-content\" class=\"accordion-inner\" aria-labelledby=\"accordion-1337438424-label\">\n\t\t\t\n\n<p>Nein, die Sockelladen sind nur bei Korpush\u00f6he U m\u00f6glich, somit automatisch nicht m\u00f6glich bei grifflosen K\u00fcchen (Korpus UG und UV). W\u00e4hrend diese z.B. beim Modell La Corte mit der Korpush\u00f6he U m\u00f6glich sind, sind sie bei der Korpush\u00f6he UX (80, 3 cm) nicht m\u00f6glich, da der Sockel zu niedrig ist.\u202f Wo genau dann planungstechnisch eine Sockellade in deiner K\u00fcche m\u00f6glich ist, wird dein K\u00fcchenplaner dir ausf\u00fchrlich erkl\u00e4ren.&nbsp;<\/p>\n\n\t\t<\/div>\n\t<\/div>\n\t\n\t<div id=\"accordion-3481857111\" class=\"accordion-item\">\n\t\t<a id=\"accordion-3481857111-label\" class=\"accordion-title plain\" href=\"#accordion-item-wie-reinige-ich-eine-dunkle-arbeitsplatte-am-besten-sodass-keine-flecken-oder-schlieren-zu-sehen-sind?\" aria-expanded=\"false\" aria-controls=\"accordion-3481857111-content\">\n\t\t\t<button class=\"toggle\" aria-label=\"Umschalten\"><i class=\"icon-angle-down\" aria-hidden=\"true\"><\/i><\/button>\n\t\t\t<span>Wie reinige ich eine dunkle Arbeitsplatte am besten sodass keine Flecken oder Schlieren zu sehen sind?<\/span>\n\t\t<\/a>\n\t\t<div id=\"accordion-3481857111-content\" class=\"accordion-inner\" aria-labelledby=\"accordion-3481857111-label\">\n\t\t\t\n\n<p>In der Pflege sind die Arbeitsplatten (Schichtsoff) recht unkompliziert.<br \/>Zum Reinigen verwendest du am besten ganz einfach Wasser mit einem Schuss handels\u00fcblichem (fettl\u00f6sendem) Sp\u00fclmittel. Dieses am Besten mit einem Wetex oder einem Baumwolltuch (nicht ganz durchgen\u00e4sst) reinigen und danach unbedingt direkt trockenwischen (Feuchtigkeit nicht zu lange stehen lassen \u2013 vor allem im Kantenbereich). Das war es schon!<\/p>\n\n\t\t<\/div>\n\t<\/div>\n\t\n\n<\/div>\n\n\t\t<\/div>\n\t\t\t\t\t<\/div>\n\n\t\n\n<\/div>\n<div class=\"text-center\"><div class=\"is-divider divider clearfix\" ><\/div><\/div>\n\n\t<div id=\"gap-246988034\" class=\"gap-element clearfix\" style=\"display:block; height:auto;\">\n\t\t\n<style>\n#gap-246988034 {\n  padding-top: 30px;\n}\n<\/style>\n\t<\/div>\n\t\n\n<div class=\"row\"  id=\"row-1193184106\">\n\n\n\t<div id=\"col-1696791731\" class=\"col small-12 large-12\"  >\n\t\t\t\t<div class=\"col-inner\"  >\n\t\t\t\n\t\t\t\n\n\t<div id=\"gap-152819613\" class=\"gap-element clearfix\" style=\"display:block; height:auto;\">\n\t\t\n<style>\n#gap-152819613 {\n  padding-top: 30px;\n}\n<\/style>\n\t<\/div>\n\t\n\n<h2><strong>Melde dich zum Newsletter an<\/strong><br \/>und erhalte regelm\u00e4\u00dfig News rund um DANK\u00dcCHEN.\u00a0<\/h2>\n<div id=\"mc_embed_shell\">\r\n      <link href=\"\/\/cdn-images.mailchimp.com\/embedcode\/classic-061523.css\" rel=\"stylesheet\" type=\"text\/css\">\r\n  <style type=\"text\/css\">\r\n        #mc_embed_signup{background:#fff; false;clear:left; font:14px Helvetica,Arial,sans-serif; width: 600px;}\r\n        \/* Add your own Mailchimp form style overrides in your site stylesheet or in this style block.\r\n           We recommend moving this block and the preceding CSS link to the HEAD of your HTML file. *\/\r\n<\/style>\r\n<div id=\"mc_embed_signup\">\r\n    <form action=\"https:\/\/dan.us19.list-manage.com\/subscribe\/post?u=2c950c449fff929158a561f79&amp;id=963038d075&amp;f_id=0053d7e4f0\" method=\"post\" id=\"mc-embedded-subscribe-form\" name=\"mc-embedded-subscribe-form\" class=\"validate\" target=\"_blank\">\r\n        <div id=\"mc_embed_signup_scroll\">\r\n            <div class=\"indicates-required\"><span class=\"asterisk\">*<\/span> Angaben erforderlich<\/div>\r\n            <div class=\"mc-field-group\"><label for=\"mce-EMAIL\">E-Mail-Adresse <span class=\"asterisk\">*<\/span><\/label><input type=\"email\" name=\"EMAIL\" class=\"required email\" id=\"mce-EMAIL\" required=\"\" value=\"\"><\/div><div class=\"mc-field-group\"><label for=\"mce-FNAME\">Vorname <\/label><input type=\"text\" name=\"FNAME\" class=\" text\" id=\"mce-FNAME\" value=\"\"><\/div><div class=\"mc-field-group\"><label for=\"mce-LNAME\">Nachname <\/label><input type=\"text\" name=\"LNAME\" class=\" text\" id=\"mce-LNAME\" value=\"\"><\/div><div class=\"mc-field-group\"><label for=\"mce-PHONE\">Telefonnummer <\/label><input type=\"text\" name=\"PHONE\" class=\"REQ_CSS\" id=\"mce-PHONE\" value=\"\"><\/div>\r\n        <div id=\"mce-responses\" class=\"clear\">\r\n            <div class=\"response\" id=\"mce-error-response\" style=\"display: none;\"><\/div>\r\n            <div class=\"response\" id=\"mce-success-response\" style=\"display: none;\"><\/div>\r\n        <\/div><div aria-hidden=\"true\" style=\"position: absolute; left: -5000px;\"><input type=\"text\" name=\"b_2c950c449fff929158a561f79_963038d075\" tabindex=\"-1\" value=\"\"><\/div><div class=\"clear\"><input type=\"submit\" name=\"subscribe\" id=\"mc-embedded-subscribe\" class=\"button\" value=\"Subscribe\"><\/div>\r\n    <\/div>\r\n<\/form>\r\n<\/div>\r\n<script type=\"text\/javascript\" src=\"\/\/s3.amazonaws.com\/downloads.mailchimp.com\/js\/mc-validate.js\"><\/script><script type=\"text\/javascript\">(function($) {window.fnames = new Array(); window.ftypes = new Array();fnames[0]='EMAIL';ftypes[0]='email';fnames[1]='FNAME';ftypes[1]='text';fnames[2]='LNAME';ftypes[2]='text';fnames[4]='PHONE';ftypes[4]='phone';}(jQuery));var $mcj = jQuery.noConflict(true);<\/script><\/div>\n\n<div class=\"row\"  id=\"row-1578332256\">\n\n\n\t<div id=\"col-371822588\" class=\"col small-12 large-12\"  >\n\t\t\t\t<div class=\"col-inner\"  >\n\t\t\t\n\t\t\t\n\n<p><strong>Datenschutzerkl\u00e4rung zur Newsletter-Anmeldung:<\/strong><br data-start=\"184\" data-end=\"187\" \/>Wenn du dich f\u00fcr unseren Newsletter anmeldest, verwenden wir deine E-Mail-Adresse ausschlie\u00dflich zum Versand unseres Newsletters. Deine Daten werden vertraulich behandelt, nicht an Dritte weitergegeben und nur so lange gespeichert, wie du den Newsletter erhalten m\u00f6chtest. Du kannst dich jederzeit vom Newsletter abmelden.<\/p>\n\n\t\t<\/div>\n\t\t\t\t\t<\/div>\n\n\t\n\n<\/div>\n\n\t\t<\/div>\n\t\t\t\t\t<\/div>\n\n\t\n\n<\/div>\n\n","protected":false},"excerpt":{"rendered":"","protected":false},"author":1,"featured_media":0,"parent":0,"menu_order":0,"comment_status":"closed","ping_status":"closed","template":"page-transparent-header.php","meta":{"footnotes":""},"class_list":["post-555","page","type-page","status-publish","hentry"],"_links":{"self":[{"href":"https:\/\/dankuechen-leonding.at\/wp-json\/wp\/v2\/pages\/555","targetHints":{"allow":["GET"]}}],"collection":[{"href":"https:\/\/dankuechen-leonding.at\/wp-json\/wp\/v2\/pages"}],"about":[{"href":"https:\/\/dankuechen-leonding.at\/wp-json\/wp\/v2\/types\/page"}],"author":[{"embeddable":true,"href":"https:\/\/dankuechen-leonding.at\/wp-json\/wp\/v2\/users\/1"}],"replies":[{"embeddable":true,"href":"https:\/\/dankuechen-leonding.at\/wp-json\/wp\/v2\/comments?post=555"}],"version-history":[{"count":10,"href":"https:\/\/dankuechen-leonding.at\/wp-json\/wp\/v2\/pages\/555\/revisions"}],"predecessor-version":[{"id":5813,"href":"https:\/\/dankuechen-leonding.at\/wp-json\/wp\/v2\/pages\/555\/revisions\/5813"}],"wp:attachment":[{"href":"https:\/\/dankuechen-leonding.at\/wp-json\/wp\/v2\/media?parent=555"}],"curies":[{"name":"wp","href":"https:\/\/api.w.org\/{rel}","templated":true}]}}